{"id":14,"date":"2021-11-21T15:14:19","date_gmt":"2021-11-21T15:14:19","guid":{"rendered":"https:\/\/www.tdametals.com\/about\/"},"modified":"2024-03-20T15:39:23","modified_gmt":"2024-03-20T15:39:23","slug":"company","status":"publish","type":"page","link":"https:\/\/www.tdametals.com\/es\/company\/","title":{"rendered":"Acerca de"},"content":{"rendered":"<div data-elementor-type=\"wp-page\" data-elementor-id=\"14\" class=\"elementor elementor-14\">\n\t\t\t\t<div class=\"elementor-element elementor-element-dcfb448 e-flex e-con-boxed wpr-particle-no wpr-jarallax-no wpr-parallax-no wpr-sticky-section-no wpr-equal-height-no e-con e-parent\" data-id=\"dcfb448\" data-element_type=\"container\" data-e-type=\"container\" data-settings=\"{&quot;background_background&quot;:&quot;classic&quot;}\">\n\t\t\t\t\t<div class=\"e-con-inner\">\n\t\t<div class=\"elementor-element elementor-element-d21b7e0 e-flex e-con-boxed wpr-particle-no wpr-jarallax-no wpr-parallax-no wpr-sticky-section-no wpr-equal-height-no e-con e-child\" data-id=\"d21b7e0\" data-element_type=\"container\" data-e-type=\"container\">\n\t\t\t\t\t<div class=\"e-con-inner\">\n\t\t\t\t<div class=\"elementor-element elementor-element-99ac333 elementor-invisible elementor-widget elementor-widget-heading\" data-id=\"99ac333\" data-element_type=\"widget\" data-e-type=\"widget\" data-settings=\"{&quot;_animation&quot;:&quot;fadeInDown&quot;}\" data-widget_type=\"heading.default\">\n\t\t\t\t<div class=\"elementor-widget-container\">\n\t\t\t\t\t<h1 class=\"elementor-heading-title elementor-size-default\">Acerca De<\/h1>\t\t\t\t<\/div>\n\t\t\t\t<\/div>\n\t\t\t\t\t<\/div>\n\t\t\t\t<\/div>\n\t\t\t\t\t<\/div>\n\t\t\t\t<\/div>\n\t\t\t\t<section class=\"elementor-section elementor-top-section elementor-element elementor-element-ntqszkw elementor-section-content-middle elementor-section-boxed elementor-section-height-default elementor-section-height-default wpr-particle-no wpr-jarallax-no wpr-parallax-no wpr-sticky-section-no wpr-equal-height-no\" data-id=\"ntqszkw\" data-element_type=\"section\" data-e-type=\"section\" data-settings=\"{&quot;background_background&quot;:&quot;classic&quot;}\">\n\t\t\t\t\t\t\t<div class=\"elementor-background-overlay\"><\/div>\n\t\t\t\t\t\t\t<div class=\"elementor-container elementor-column-gap-no\">\n\t\t\t\t\t<div class=\"elementor-column elementor-col-50 elementor-top-column elementor-element elementor-element-a4da19c\" data-id=\"a4da19c\" data-element_type=\"column\" data-e-type=\"column\">\n\t\t\t<div class=\"elementor-widget-wrap elementor-element-populated\">\n\t\t\t\t\t\t<section class=\"elementor-section elementor-inner-section elementor-element elementor-element-d4072ee elementor-section-boxed elementor-section-height-default elementor-section-height-default wpr-particle-no wpr-jarallax-no wpr-parallax-no wpr-sticky-section-no wpr-equal-height-no\" data-id=\"d4072ee\" data-element_type=\"section\" data-e-type=\"section\">\n\t\t\t\t\t\t<div class=\"elementor-container elementor-column-gap-default\">\n\t\t\t\t\t<div class=\"elementor-column elementor-col-100 elementor-inner-column elementor-element elementor-element-115f08c elementor-invisible\" data-id=\"115f08c\" data-element_type=\"column\" data-e-type=\"column\" data-settings=\"{&quot;animation&quot;:&quot;fadeInLeft&quot;}\">\n\t\t\t<div class=\"elementor-widget-wrap elementor-element-populated\">\n\t\t\t\t\t\t<div class=\"elementor-element elementor-element-7f072d7 elementor-widget elementor-widget-image\" data-id=\"7f072d7\" data-element_type=\"widget\" data-e-type=\"widget\" data-widget_type=\"image.default\">\n\t\t\t\t<div class=\"elementor-widget-container\">\n\t\t\t\t\t\t\t\t\t\t\t\t\t\t\t<img decoding=\"async\" width=\"100\" height=\"100\" src=\"https:\/\/www.tdametals.com\/wp-content\/uploads\/2024\/03\/establishment.svg\" class=\"attachment-full size-full wp-image-2313\" alt=\"Catalytic Converters Recycling\" \/>\t\t\t\t\t\t\t\t\t\t\t\t\t\t\t<\/div>\n\t\t\t\t<\/div>\n\t\t\t\t<div class=\"elementor-element elementor-element-5055387 elementor-widget elementor-widget-heading\" data-id=\"5055387\" data-element_type=\"widget\" data-e-type=\"widget\" data-widget_type=\"heading.default\">\n\t\t\t\t<div class=\"elementor-widget-container\">\n\t\t\t\t\t<h3 class=\"elementor-heading-title elementor-size-default\">ESTABLECIMIENTO<\/h3>\t\t\t\t<\/div>\n\t\t\t\t<\/div>\n\t\t\t\t<div class=\"elementor-element elementor-element-c29e8bd elementor-widget elementor-widget-text-editor\" data-id=\"c29e8bd\" data-element_type=\"widget\" data-e-type=\"widget\" data-widget_type=\"text-editor.default\">\n\t\t\t\t<div class=\"elementor-widget-container\">\n\t\t\t\t\t\t\t\t\t<p>TDA Metals LLC es una empresa de alto nivel que recoge y recicla catalizadores al final de su vida \u00fatil en Estados Unidos. Gracias a nuestra amplia experiencia en los m\u00e9todos de an\u00e1lisis y reciclaje de catalizadores, podemos ofrecerles a nuestros clientes los mejores precios. Tras iniciar nuestras actividades en EE.\u00a0UU. a principios de 2017, en poco tiempo nos convertimos en una de las startups con m\u00e1s \u00e9xito del sector. Aspiramos a establecer los est\u00e1ndares en la industria local de compra de catalizadores, y seguir siendo altamente competitivos dando un servicio de m\u00e1xima calidad y los mejores precios a nuestros clientes.<\/p>\t\t\t\t\t\t\t\t<\/div>\n\t\t\t\t<\/div>\n\t\t\t\t\t<\/div>\n\t\t<\/div>\n\t\t\t\t\t<\/div>\n\t\t<\/section>\n\t\t\t\t<section class=\"elementor-section elementor-inner-section elementor-element elementor-element-1b8642d elementor-section-boxed elementor-section-height-default elementor-section-height-default wpr-particle-no wpr-jarallax-no wpr-parallax-no wpr-sticky-section-no wpr-equal-height-no\" data-id=\"1b8642d\" data-element_type=\"section\" data-e-type=\"section\">\n\t\t\t\t\t\t<div class=\"elementor-container elementor-column-gap-default\">\n\t\t\t\t\t<div class=\"elementor-column elementor-col-100 elementor-inner-column elementor-element elementor-element-ee1741a elementor-invisible\" data-id=\"ee1741a\" data-element_type=\"column\" data-e-type=\"column\" data-settings=\"{&quot;animation&quot;:&quot;fadeInLeft&quot;,&quot;animation_delay&quot;:400}\">\n\t\t\t<div class=\"elementor-widget-wrap elementor-element-populated\">\n\t\t\t\t\t\t<div class=\"elementor-element elementor-element-7e0aad1 elementor-widget elementor-widget-image\" data-id=\"7e0aad1\" data-element_type=\"widget\" data-e-type=\"widget\" data-widget_type=\"image.default\">\n\t\t\t\t<div class=\"elementor-widget-container\">\n\t\t\t\t\t\t\t\t\t\t\t\t\t\t\t<img decoding=\"async\" width=\"100\" height=\"100\" src=\"https:\/\/www.tdametals.com\/wp-content\/uploads\/2024\/03\/core-values.svg\" class=\"attachment-full size-full wp-image-2312\" alt=\"Catalysts Recycling\" \/>\t\t\t\t\t\t\t\t\t\t\t\t\t\t\t<\/div>\n\t\t\t\t<\/div>\n\t\t\t\t<div class=\"elementor-element elementor-element-cf181cb elementor-widget elementor-widget-heading\" data-id=\"cf181cb\" data-element_type=\"widget\" data-e-type=\"widget\" data-widget_type=\"heading.default\">\n\t\t\t\t<div class=\"elementor-widget-container\">\n\t\t\t\t\t<h3 class=\"elementor-heading-title elementor-size-default\">VALORES FUNDAMENTALES<\/h3>\t\t\t\t<\/div>\n\t\t\t\t<\/div>\n\t\t\t\t<div class=\"elementor-element elementor-element-c6fdc2e elementor-widget elementor-widget-text-editor\" data-id=\"c6fdc2e\" data-element_type=\"widget\" data-e-type=\"widget\" data-widget_type=\"text-editor.default\">\n\t\t\t\t<div class=\"elementor-widget-container\">\n\t\t\t\t\t\t\t\t\t<p>Nuestras pol\u00edticas sociales y \u00e9ticas implican altos niveles de atenci\u00f3n a nuestros empleados y a la comunidad. Empleamos a personas cualificadas y bien formadas que nos ayudan a mantener nuestra empresa como una unidad de negocio competitiva en el vertiginoso entorno empresarial actual.<\/p>\t\t\t\t\t\t\t\t<\/div>\n\t\t\t\t<\/div>\n\t\t\t\t\t<\/div>\n\t\t<\/div>\n\t\t\t\t\t<\/div>\n\t\t<\/section>\n\t\t\t\t<section class=\"elementor-section elementor-inner-section elementor-element elementor-element-435a53b elementor-section-boxed elementor-section-height-default elementor-section-height-default wpr-particle-no wpr-jarallax-no wpr-parallax-no wpr-sticky-section-no wpr-equal-height-no\" data-id=\"435a53b\" data-element_type=\"section\" data-e-type=\"section\">\n\t\t\t\t\t\t<div class=\"elementor-container elementor-column-gap-default\">\n\t\t\t\t\t<div class=\"elementor-column elementor-col-100 elementor-inner-column elementor-element elementor-element-f6f2a9b elementor-invisible\" data-id=\"f6f2a9b\" data-element_type=\"column\" data-e-type=\"column\" data-settings=\"{&quot;animation&quot;:&quot;fadeInLeft&quot;,&quot;animation_delay&quot;:800}\">\n\t\t\t<div class=\"elementor-widget-wrap elementor-element-populated\">\n\t\t\t\t\t\t<div class=\"elementor-element elementor-element-3633330 elementor-widget elementor-widget-image\" data-id=\"3633330\" data-element_type=\"widget\" data-e-type=\"widget\" data-widget_type=\"image.default\">\n\t\t\t\t<div class=\"elementor-widget-container\">\n\t\t\t\t\t\t\t\t\t\t\t\t\t\t\t<img decoding=\"async\" width=\"100\" height=\"100\" src=\"https:\/\/www.tdametals.com\/wp-content\/uploads\/2024\/03\/vision.svg\" class=\"attachment-full size-full wp-image-2314\" alt=\"Catalytic Converters\" \/>\t\t\t\t\t\t\t\t\t\t\t\t\t\t\t<\/div>\n\t\t\t\t<\/div>\n\t\t\t\t<div class=\"elementor-element elementor-element-d7588e2 elementor-widget elementor-widget-heading\" data-id=\"d7588e2\" data-element_type=\"widget\" data-e-type=\"widget\" data-widget_type=\"heading.default\">\n\t\t\t\t<div class=\"elementor-widget-container\">\n\t\t\t\t\t<h3 class=\"elementor-heading-title elementor-size-default\">VISI\u00d3N<\/h3>\t\t\t\t<\/div>\n\t\t\t\t<\/div>\n\t\t\t\t<div class=\"elementor-element elementor-element-5a0dd17 elementor-widget elementor-widget-text-editor\" data-id=\"5a0dd17\" data-element_type=\"widget\" data-e-type=\"widget\" data-widget_type=\"text-editor.default\">\n\t\t\t\t<div class=\"elementor-widget-container\">\n\t\t\t\t\t\t\t\t\t<p>Garantizar servicios de m\u00e1xima calidad a nuestros clientes, manteniendo al mismo tiempo relaciones industriales a largo plazo con nuestros socios. Valoramos la confianza por encima de cualquier otra cosa y nos esforzamos por alcanzar un punto de calidad en el que nuestros clientes mantengan relaciones comerciales con nosotros durante muchos a\u00f1os.<\/p>\t\t\t\t\t\t\t\t<\/div>\n\t\t\t\t<\/div>\n\t\t\t\t\t<\/div>\n\t\t<\/div>\n\t\t\t\t\t<\/div>\n\t\t<\/section>\n\t\t\t\t\t<\/div>\n\t\t<\/div>\n\t\t\t\t<div class=\"elementor-column elementor-col-50 elementor-top-column elementor-element elementor-element-1cb5f8e elementor-invisible\" data-id=\"1cb5f8e\" data-element_type=\"column\" data-e-type=\"column\" data-settings=\"{&quot;animation&quot;:&quot;fadeInRight&quot;}\">\n\t\t\t<div class=\"elementor-widget-wrap elementor-element-populated\">\n\t\t\t\t\t\t<div class=\"elementor-element elementor-element-22457cc elementor-widget__width-initial elementor-widget elementor-widget-image\" data-id=\"22457cc\" data-element_type=\"widget\" data-e-type=\"widget\" data-widget_type=\"image.default\">\n\t\t\t\t<div class=\"elementor-widget-container\">\n\t\t\t\t\t\t\t\t\t\t\t\t\t\t\t<img loading=\"lazy\" decoding=\"async\" width=\"3441\" height=\"4451\" src=\"https:\/\/www.tdametals.com\/wp-content\/uploads\/2024\/03\/about-us-tda-metals-min.png\" class=\"attachment-full size-full wp-image-2569\" alt=\"TDA Metals LLC\" srcset=\"https:\/\/www.tdametals.com\/wp-content\/uploads\/2024\/03\/about-us-tda-metals-min.png 3441w, https:\/\/www.tdametals.com\/wp-content\/uploads\/2024\/03\/about-us-tda-metals-min-232x300.png 232w, https:\/\/www.tdametals.com\/wp-content\/uploads\/2024\/03\/about-us-tda-metals-min-792x1024.png 792w, https:\/\/www.tdametals.com\/wp-content\/uploads\/2024\/03\/about-us-tda-metals-min-768x993.png 768w, https:\/\/www.tdametals.com\/wp-content\/uploads\/2024\/03\/about-us-tda-metals-min-1187x1536.png 1187w, https:\/\/www.tdametals.com\/wp-content\/uploads\/2024\/03\/about-us-tda-metals-min-1583x2048.png 1583w\" sizes=\"(max-width: 3441px) 100vw, 3441px\" \/>\t\t\t\t\t\t\t\t\t\t\t\t\t\t\t<\/div>\n\t\t\t\t<\/div>\n\t\t\t\t\t<\/div>\n\t\t<\/div>\n\t\t\t\t\t<\/div>\n\t\t<\/section>\n\t\t\t\t<\/div>","protected":false},"excerpt":{"rendered":"<p>About Us ESTABLISHMENT TDA Metals LLC is a high-profile company that collects and recycles end-of-life catalytic converters in the USA. Thanks to the extensive expertise in the analysis and recycling methods of catalytic converters we are able to offer top prices for our customers. Having started our activities in USA in the beginning of 2017, shortly we became one of the most successful startups in the industry. We aspire to set the standards in the local catalyst purchasing industry, and remain highly competitive by giving top quality service and best prices to our customers. CORE VALUES Our social and ethical policies involve high standards of care for our employees and the community. We employ qualified and well trained people who help us to maintain our company as a competitive business unit in current fast-paced business environment. VISION To guarantee top quality services for our customers while maintaining long-term industry relationships with our partners. We value trust above anything else and strive to reach a point of quality where our customers would conduct business with us for long years to come.<\/p>","protected":false},"author":3,"featured_media":0,"parent":0,"menu_order":0,"comment_status":"closed","ping_status":"closed","template":"","meta":{"site-sidebar-layout":"no-sidebar","site-content-layout":"page-builder","ast-site-content-layout":"full-width-container","site-content-style":"unboxed","site-sidebar-style":"unboxed","ast-global-header-display":"","ast-banner-title-visibility":"","ast-main-header-display":"","ast-hfb-above-header-display":"","ast-hfb-below-header-display":"","ast-hfb-mobile-header-display":"","site-post-title":"disabled","ast-breadcrumbs-content":"","ast-featured-img":"disabled","footer-sml-layout":"","theme-transparent-header-meta":"enabled","adv-header-id-meta":"","stick-header-meta":"","header-above-stick-meta":"","header-main-stick-meta":"","header-below-stick-meta":"","astra-migrate-meta-layouts":"set","ast-page-background-enabled":"default","ast-page-background-meta":{"desktop":{"background-color":"var(--ast-global-color-4)","background-image":"","background-repeat":"repeat","background-position":"center center","background-size":"auto","background-attachment":"scroll","background-type":"","background-media":"","overlay-type":"","overlay-color":"","overlay-gradient":""},"tablet":{"background-color":"","background-image":"","background-repeat":"repeat","background-position":"center center","background-size":"auto","background-attachment":"scroll","background-type":"","background-media":"","overlay-type":"","overlay-color":"","overlay-gradient":""},"mobile":{"background-color":"","background-image":"","background-repeat":"repeat","background-position":"center center","background-size":"auto","background-attachment":"scroll","background-type":"","background-media":"","overlay-type":"","overlay-color":"","overlay-gradient":""}},"ast-content-background-meta":{"desktop":{"background-color":"var(--ast-global-color-5)","background-image":"","background-repeat":"repeat","background-position":"center center","background-size":"auto","background-attachment":"scroll","background-type":"","background-media":"","overlay-type":"","overlay-color":"","overlay-gradient":""},"tablet":{"background-color":"var(--ast-global-color-5)","background-image":"","background-repeat":"repeat","background-position":"center center","background-size":"auto","background-attachment":"scroll","background-type":"","background-media":"","overlay-type":"","overlay-color":"","overlay-gradient":""},"mobile":{"background-color":"var(--ast-global-color-5)","background-image":"","background-repeat":"repeat","background-position":"center center","background-size":"auto","background-attachment":"scroll","background-type":"","background-media":"","overlay-type":"","overlay-color":"","overlay-gradient":""}},"footnotes":""},"class_list":["post-14","page","type-page","status-publish","hentry"],"yoast_head":"<!-- This site is optimized with the Yoast SEO plugin v27.4 - https:\/\/yoast.com\/product\/yoast-seo-wordpress\/ -->\n<title>Buyers and Processors of Spent Catalytic Converters - TDA Metals<\/title>\n<meta name=\"description\" content=\"Get competitive prices for catalytic converters, batteries, alternators, and more at our company. Maximize your returns while promoting sustainability.\" \/>\n<meta name=\"robots\" content=\"index, follow, max-snippet:-1, max-image-preview:large, max-video-preview:-1\" \/>\n<link rel=\"canonical\" href=\"https:\/\/www.tdametals.com\/es\/company\/\" \/>\n<meta property=\"og:locale\" content=\"es_ES\" \/>\n<meta property=\"og:type\" content=\"article\" \/>\n<meta property=\"og:title\" content=\"Buyers and Processors of Spent Catalytic Converters - TDA Metals\" \/>\n<meta property=\"og:description\" content=\"Get competitive prices for catalytic converters, batteries, alternators, and more at our company. Maximize your returns while promoting sustainability.\" \/>\n<meta property=\"og:url\" content=\"https:\/\/www.tdametals.com\/es\/company\/\" \/>\n<meta property=\"og:site_name\" content=\"TDA Metals\" \/>\n<meta property=\"article:modified_time\" content=\"2024-03-20T15:39:23+00:00\" \/>\n<meta property=\"og:image\" content=\"https:\/\/www.tdametals.com\/wp-content\/uploads\/2024\/03\/establishment.svg\" \/>\n<meta name=\"twitter:card\" content=\"summary_large_image\" \/>\n<meta name=\"twitter:label1\" content=\"Tiempo de lectura\" \/>\n\t<meta name=\"twitter:data1\" content=\"2 minutos\" \/>\n<script type=\"application\/ld+json\" class=\"yoast-schema-graph\">{\"@context\":\"https:\\\/\\\/schema.org\",\"@graph\":[{\"@type\":\"WebPage\",\"@id\":\"https:\\\/\\\/www.tdametals.com\\\/company\\\/\",\"url\":\"https:\\\/\\\/www.tdametals.com\\\/company\\\/\",\"name\":\"Buyers and Processors of Spent Catalytic Converters - TDA Metals\",\"isPartOf\":{\"@id\":\"https:\\\/\\\/www.tdametals.com\\\/#website\"},\"primaryImageOfPage\":{\"@id\":\"https:\\\/\\\/www.tdametals.com\\\/company\\\/#primaryimage\"},\"image\":{\"@id\":\"https:\\\/\\\/www.tdametals.com\\\/company\\\/#primaryimage\"},\"thumbnailUrl\":\"https:\\\/\\\/www.tdametals.com\\\/wp-content\\\/uploads\\\/2024\\\/03\\\/establishment.svg\",\"datePublished\":\"2021-11-21T15:14:19+00:00\",\"dateModified\":\"2024-03-20T15:39:23+00:00\",\"description\":\"Get competitive prices for catalytic converters, batteries, alternators, and more at our company. Maximize your returns while promoting sustainability.\",\"breadcrumb\":{\"@id\":\"https:\\\/\\\/www.tdametals.com\\\/company\\\/#breadcrumb\"},\"inLanguage\":\"es\",\"potentialAction\":[{\"@type\":\"ReadAction\",\"target\":[\"https:\\\/\\\/www.tdametals.com\\\/company\\\/\"]}]},{\"@type\":\"ImageObject\",\"inLanguage\":\"es\",\"@id\":\"https:\\\/\\\/www.tdametals.com\\\/company\\\/#primaryimage\",\"url\":\"https:\\\/\\\/www.tdametals.com\\\/wp-content\\\/uploads\\\/2024\\\/03\\\/establishment.svg\",\"contentUrl\":\"https:\\\/\\\/www.tdametals.com\\\/wp-content\\\/uploads\\\/2024\\\/03\\\/establishment.svg\"},{\"@type\":\"BreadcrumbList\",\"@id\":\"https:\\\/\\\/www.tdametals.com\\\/company\\\/#breadcrumb\",\"itemListElement\":[{\"@type\":\"ListItem\",\"position\":1,\"name\":\"Home\",\"item\":\"https:\\\/\\\/www.tdametals.com\\\/\"},{\"@type\":\"ListItem\",\"position\":2,\"name\":\"About\"}]},{\"@type\":\"WebSite\",\"@id\":\"https:\\\/\\\/www.tdametals.com\\\/#website\",\"url\":\"https:\\\/\\\/www.tdametals.com\\\/\",\"name\":\"TDA Metals\",\"description\":\"TDA Metals\",\"potentialAction\":[{\"@type\":\"SearchAction\",\"target\":{\"@type\":\"EntryPoint\",\"urlTemplate\":\"https:\\\/\\\/www.tdametals.com\\\/?s={search_term_string}\"},\"query-input\":{\"@type\":\"PropertyValueSpecification\",\"valueRequired\":true,\"valueName\":\"search_term_string\"}}],\"inLanguage\":\"es\"}]}<\/script>\n<!-- \/ Yoast SEO plugin. -->","yoast_head_json":{"title":"Buyers and Processors of Spent Catalytic Converters - TDA Metals","description":"Get competitive prices for catalytic converters, batteries, alternators, and more at our company. Maximize your returns while promoting sustainability.","robots":{"index":"index","follow":"follow","max-snippet":"max-snippet:-1","max-image-preview":"max-image-preview:large","max-video-preview":"max-video-preview:-1"},"canonical":"https:\/\/www.tdametals.com\/es\/company\/","og_locale":"es_ES","og_type":"article","og_title":"Buyers and Processors of Spent Catalytic Converters - TDA Metals","og_description":"Get competitive prices for catalytic converters, batteries, alternators, and more at our company. Maximize your returns while promoting sustainability.","og_url":"https:\/\/www.tdametals.com\/es\/company\/","og_site_name":"TDA Metals","article_modified_time":"2024-03-20T15:39:23+00:00","og_image":[{"url":"https:\/\/www.tdametals.com\/wp-content\/uploads\/2024\/03\/establishment.svg","type":"","width":"","height":""}],"twitter_card":"summary_large_image","twitter_misc":{"Tiempo de lectura":"2 minutos"},"schema":{"@context":"https:\/\/schema.org","@graph":[{"@type":"WebPage","@id":"https:\/\/www.tdametals.com\/company\/","url":"https:\/\/www.tdametals.com\/company\/","name":"Buyers and Processors of Spent Catalytic Converters - TDA Metals","isPartOf":{"@id":"https:\/\/www.tdametals.com\/#website"},"primaryImageOfPage":{"@id":"https:\/\/www.tdametals.com\/company\/#primaryimage"},"image":{"@id":"https:\/\/www.tdametals.com\/company\/#primaryimage"},"thumbnailUrl":"https:\/\/www.tdametals.com\/wp-content\/uploads\/2024\/03\/establishment.svg","datePublished":"2021-11-21T15:14:19+00:00","dateModified":"2024-03-20T15:39:23+00:00","description":"Get competitive prices for catalytic converters, batteries, alternators, and more at our company. Maximize your returns while promoting sustainability.","breadcrumb":{"@id":"https:\/\/www.tdametals.com\/company\/#breadcrumb"},"inLanguage":"es","potentialAction":[{"@type":"ReadAction","target":["https:\/\/www.tdametals.com\/company\/"]}]},{"@type":"ImageObject","inLanguage":"es","@id":"https:\/\/www.tdametals.com\/company\/#primaryimage","url":"https:\/\/www.tdametals.com\/wp-content\/uploads\/2024\/03\/establishment.svg","contentUrl":"https:\/\/www.tdametals.com\/wp-content\/uploads\/2024\/03\/establishment.svg"},{"@type":"BreadcrumbList","@id":"https:\/\/www.tdametals.com\/company\/#breadcrumb","itemListElement":[{"@type":"ListItem","position":1,"name":"Home","item":"https:\/\/www.tdametals.com\/"},{"@type":"ListItem","position":2,"name":"About"}]},{"@type":"WebSite","@id":"https:\/\/www.tdametals.com\/#website","url":"https:\/\/www.tdametals.com\/","name":"TDA Metals","description":"TDA Metals","potentialAction":[{"@type":"SearchAction","target":{"@type":"EntryPoint","urlTemplate":"https:\/\/www.tdametals.com\/?s={search_term_string}"},"query-input":{"@type":"PropertyValueSpecification","valueRequired":true,"valueName":"search_term_string"}}],"inLanguage":"es"}]}},"_links":{"self":[{"href":"https:\/\/www.tdametals.com\/es\/wp-json\/wp\/v2\/pages\/14","targetHints":{"allow":["GET"]}}],"collection":[{"href":"https:\/\/www.tdametals.com\/es\/wp-json\/wp\/v2\/pages"}],"about":[{"href":"https:\/\/www.tdametals.com\/es\/wp-json\/wp\/v2\/types\/page"}],"author":[{"embeddable":true,"href":"https:\/\/www.tdametals.com\/es\/wp-json\/wp\/v2\/users\/3"}],"replies":[{"embeddable":true,"href":"https:\/\/www.tdametals.com\/es\/wp-json\/wp\/v2\/comments?post=14"}],"version-history":[{"count":43,"href":"https:\/\/www.tdametals.com\/es\/wp-json\/wp\/v2\/pages\/14\/revisions"}],"predecessor-version":[{"id":2573,"href":"https:\/\/www.tdametals.com\/es\/wp-json\/wp\/v2\/pages\/14\/revisions\/2573"}],"wp:attachment":[{"href":"https:\/\/www.tdametals.com\/es\/wp-json\/wp\/v2\/media?parent=14"}],"curies":[{"name":"wp","href":"https:\/\/api.w.org\/{rel}","templated":true}]}}