{"id":2745,"date":"2024-03-24T11:29:42","date_gmt":"2024-03-24T11:29:42","guid":{"rendered":"https:\/\/www.tdametals.com\/?page_id=2745"},"modified":"2024-04-10T08:59:32","modified_gmt":"2024-04-10T08:59:32","slug":"career","status":"publish","type":"page","link":"https:\/\/www.tdametals.com\/es\/career\/","title":{"rendered":"Carrera"},"content":{"rendered":"<div data-elementor-type=\"wp-page\" data-elementor-id=\"2745\" class=\"elementor elementor-2745\">\n\t\t\t\t<div class=\"elementor-element elementor-element-f4dc3bc e-flex e-con-boxed wpr-particle-no wpr-jarallax-no wpr-parallax-no wpr-sticky-section-no wpr-equal-height-no e-con e-parent\" data-id=\"f4dc3bc\" data-element_type=\"container\" data-e-type=\"container\" data-settings=\"{&quot;background_background&quot;:&quot;classic&quot;}\">\n\t\t\t\t\t<div class=\"e-con-inner\">\n\t\t<div class=\"elementor-element elementor-element-d9bcccd e-flex e-con-boxed wpr-particle-no wpr-jarallax-no wpr-parallax-no wpr-sticky-section-no wpr-equal-height-no e-con e-child\" data-id=\"d9bcccd\" data-element_type=\"container\" data-e-type=\"container\">\n\t\t\t\t\t<div class=\"e-con-inner\">\n\t\t\t\t<div class=\"elementor-element elementor-element-b126353 elementor-invisible elementor-widget elementor-widget-heading\" data-id=\"b126353\" data-element_type=\"widget\" data-e-type=\"widget\" data-settings=\"{&quot;_animation&quot;:&quot;fadeInDown&quot;}\" data-widget_type=\"heading.default\">\n\t\t\t\t<div class=\"elementor-widget-container\">\n\t\t\t\t\t<h1 class=\"elementor-heading-title elementor-size-default\">Carrera<\/h1>\t\t\t\t<\/div>\n\t\t\t\t<\/div>\n\t\t\t\t\t<\/div>\n\t\t\t\t<\/div>\n\t\t\t\t\t<\/div>\n\t\t\t\t<\/div>\n\t\t<div class=\"elementor-element elementor-element-5b1d184 e-flex e-con-boxed wpr-particle-no wpr-jarallax-no wpr-parallax-no wpr-sticky-section-no wpr-equal-height-no e-con e-parent\" data-id=\"5b1d184\" data-element_type=\"container\" data-e-type=\"container\">\n\t\t\t\t\t<div class=\"e-con-inner\">\n\t\t<div class=\"elementor-element elementor-element-72758ad e-con-full e-transform e-flex wpr-particle-no wpr-jarallax-no wpr-parallax-no wpr-sticky-section-no wpr-equal-height-no e-con e-child\" data-id=\"72758ad\" data-element_type=\"container\" data-e-type=\"container\" data-settings=\"{&quot;_transform_scale_effect_hover&quot;:{&quot;unit&quot;:&quot;px&quot;,&quot;size&quot;:1.0500000000000000444089209850062616169452667236328125,&quot;sizes&quot;:[]},&quot;_transform_scale_effect_hover_tablet&quot;:{&quot;unit&quot;:&quot;px&quot;,&quot;size&quot;:&quot;&quot;,&quot;sizes&quot;:[]},&quot;_transform_scale_effect_hover_mobile&quot;:{&quot;unit&quot;:&quot;px&quot;,&quot;size&quot;:&quot;&quot;,&quot;sizes&quot;:[]}}\">\n\t\t\t\t<div class=\"elementor-element elementor-element-8eb1a34 elementor-widget elementor-widget-image\" data-id=\"8eb1a34\" data-element_type=\"widget\" data-e-type=\"widget\" data-widget_type=\"image.default\">\n\t\t\t\t<div class=\"elementor-widget-container\">\n\t\t\t\t\t\t\t\t\t\t\t\t\t\t\t<img fetchpriority=\"high\" decoding=\"async\" width=\"768\" height=\"1024\" src=\"https:\/\/www.tdametals.com\/wp-content\/uploads\/2024\/04\/ima_2bc6b5f.jpeg\" class=\"attachment-full size-full wp-image-2768\" alt=\"\" srcset=\"https:\/\/www.tdametals.com\/wp-content\/uploads\/2024\/04\/ima_2bc6b5f.jpeg 768w, https:\/\/www.tdametals.com\/wp-content\/uploads\/2024\/04\/ima_2bc6b5f-225x300.jpeg 225w\" sizes=\"(max-width: 768px) 100vw, 768px\" \/>\t\t\t\t\t\t\t\t\t\t\t\t\t\t\t<\/div>\n\t\t\t\t<\/div>\n\t\t\t\t<\/div>\n\t\t<div class=\"elementor-element elementor-element-8d67dae e-con-full e-flex wpr-particle-no wpr-jarallax-no wpr-parallax-no wpr-sticky-section-no wpr-equal-height-no e-con e-child\" data-id=\"8d67dae\" data-element_type=\"container\" data-e-type=\"container\">\n\t\t\t\t<div class=\"elementor-element elementor-element-2d20325 elementor-widget elementor-widget-heading\" data-id=\"2d20325\" data-element_type=\"widget\" data-e-type=\"widget\" data-widget_type=\"heading.default\">\n\t\t\t\t<div class=\"elementor-widget-container\">\n\t\t\t\t\t<h4 class=\"elementor-heading-title elementor-size-default\">INCORP\u00d3RESE A NUESTRO EQUIPO<\/h4>\t\t\t\t<\/div>\n\t\t\t\t<\/div>\n\t\t\t\t<div class=\"elementor-element elementor-element-4df6953 elementor-widget elementor-widget-text-editor\" data-id=\"4df6953\" data-element_type=\"widget\" data-e-type=\"widget\" data-widget_type=\"text-editor.default\">\n\t\t\t\t<div class=\"elementor-widget-container\">\n\t\t\t\t\t\t\t\t\t<p>\u00danase a nuestro equipo de TDA Metals en EE.UU. para realizar un trabajo gratificante centrado en el reciclaje y el medio ambiente. Formar\u00e1 parte de una empresa con visi\u00f3n de futuro en la que se apreciar\u00e1 y fomentar\u00e1 su pasi\u00f3n por la sostenibilidad.<\/p><p>\u00a0<\/p><p>Animamos a los candidatos interesados a que nos env\u00eden su curr\u00edculum vitae a trav\u00e9s del formulario que figura a continuaci\u00f3n. Evaluaremos sus aptitudes y experiencia y nos pondremos en contacto con usted. Forme parte de nuestro viaje hacia pr\u00e1cticas respetuosas con el medio ambiente y contribuya a crear un futuro sostenible.<\/p>\t\t\t\t\t\t\t\t<\/div>\n\t\t\t\t<\/div>\n\t\t\t\t<\/div>\n\t\t\t\t\t<\/div>\n\t\t\t\t<\/div>\n\t\t<div class=\"elementor-element elementor-element-9b59fcf e-con-full e-flex wpr-particle-no wpr-jarallax-no wpr-parallax-no wpr-sticky-section-no wpr-equal-height-no e-con e-parent\" data-id=\"9b59fcf\" data-element_type=\"container\" data-e-type=\"container\" data-settings=\"{&quot;background_background&quot;:&quot;classic&quot;}\">\n\t\t<div class=\"elementor-element elementor-element-904503d e-con-full e-flex wpr-particle-no wpr-jarallax-no wpr-parallax-no wpr-sticky-section-no wpr-equal-height-no e-con e-child\" data-id=\"904503d\" data-element_type=\"container\" data-e-type=\"container\">\n\t\t<div class=\"elementor-element elementor-element-baf3df6 e-flex e-con-boxed wpr-particle-no wpr-jarallax-no wpr-parallax-no wpr-sticky-section-no wpr-equal-height-no e-con e-child\" data-id=\"baf3df6\" data-element_type=\"container\" data-e-type=\"container\">\n\t\t\t\t\t<div class=\"e-con-inner\">\n\t\t<div class=\"elementor-element elementor-element-5e244ce e-flex e-con-boxed wpr-particle-no wpr-jarallax-no wpr-parallax-no wpr-sticky-section-no wpr-equal-height-no elementor-invisible e-con e-child\" data-id=\"5e244ce\" data-element_type=\"container\" data-e-type=\"container\" data-settings=\"{&quot;animation&quot;:&quot;fadeInRight&quot;}\">\n\t\t\t\t\t<div class=\"e-con-inner\">\n\t\t\t\t<div class=\"elementor-element elementor-element-7ea6bf4 elementor-widget elementor-widget-heading\" data-id=\"7ea6bf4\" data-element_type=\"widget\" data-e-type=\"widget\" data-widget_type=\"heading.default\">\n\t\t\t\t<div class=\"elementor-widget-container\">\n\t\t\t\t\t<h4 class=\"elementor-heading-title elementor-size-default\">ENV\u00cdENOS SU CV<\/h4>\t\t\t\t<\/div>\n\t\t\t\t<\/div>\n\t\t\t\t<div class=\"elementor-element elementor-element-e9d1c39 elementor-widget elementor-widget-shortcode\" data-id=\"e9d1c39\" data-element_type=\"widget\" data-e-type=\"widget\" data-widget_type=\"shortcode.default\">\n\t\t\t\t<div class=\"elementor-widget-container\">\n\t\t\t\t\t\t\t<div class=\"elementor-shortcode\">\n<div class=\"wpcf7 no-js\" id=\"wpcf7-f2743-o1\" lang=\"en-US\" dir=\"ltr\" data-wpcf7-id=\"2743\">\n<div class=\"screen-reader-response\"><p role=\"status\" aria-live=\"polite\" aria-atomic=\"true\"><\/p> <ul><\/ul><\/div>\n<form action=\"\/es\/wp-json\/wp\/v2\/pages\/2745#wpcf7-f2743-o1\" method=\"post\" class=\"wpcf7-form init\" aria-label=\"Contact form\" enctype=\"multipart\/form-data\" novalidate=\"novalidate\" data-status=\"init\" data-trp-original-action=\"\/es\/wp-json\/wp\/v2\/pages\/2745#wpcf7-f2743-o1\">\n<fieldset class=\"hidden-fields-container\"><input type=\"hidden\" name=\"_wpcf7\" value=\"2743\" \/><input type=\"hidden\" name=\"_wpcf7_version\" value=\"6.1.5\" \/><input type=\"hidden\" name=\"_wpcf7_locale\" value=\"en_US\" \/><input type=\"hidden\" name=\"_wpcf7_unit_tag\" value=\"wpcf7-f2743-o1\" \/><input type=\"hidden\" name=\"_wpcf7_container_post\" value=\"0\" \/><input type=\"hidden\" name=\"_wpcf7_posted_data_hash\" value=\"\" \/>\n<\/fieldset>\n<p><span class=\"wpcf7-form-control-wrap\" data-name=\"your-name\"><input size=\"40\" maxlength=\"400\" class=\"wpcf7-form-control wpcf7-text wpcf7-validates-as-required\" autocomplete=\"name\" aria-required=\"true\" aria-invalid=\"false\" placeholder=\"Nombre\" value=\"\" type=\"text\" name=\"your-name\" \/><\/span>\n<\/p>\n<p><span class=\"wpcf7-form-control-wrap\" data-name=\"your-email\"><input size=\"40\" maxlength=\"400\" class=\"wpcf7-form-control wpcf7-email wpcf7-validates-as-required wpcf7-text wpcf7-validates-as-email\" autocomplete=\"email\" aria-required=\"true\" aria-invalid=\"false\" placeholder=\"Correo electr\u00f3nico\" value=\"\" type=\"email\" name=\"your-email\" \/><\/span>\n<\/p>\n<p><span class=\"wpcf7-form-control-wrap\" data-name=\"your-subject\"><input size=\"40\" maxlength=\"400\" class=\"wpcf7-form-control wpcf7-text wpcf7-validates-as-required\" aria-required=\"true\" aria-invalid=\"false\" placeholder=\"Asunto\" value=\"\" type=\"text\" name=\"your-subject\" \/><\/span>\n<\/p>\n<p><span class=\"wpcf7-form-control-wrap\" data-name=\"your-message\"><textarea cols=\"40\" rows=\"5\" maxlength=\"2000\" class=\"wpcf7-form-control wpcf7-textarea\" aria-invalid=\"false\" placeholder=\"Mensaje\" name=\"your-message\"><\/textarea><\/span>\n<\/p>\n<p><span class=\"wpcf7-form-control-wrap\" data-name=\"file-714\"><input size=\"40\" class=\"wpcf7-form-control wpcf7-file\" accept=\"audio\/*,video\/*,image\/*\" aria-invalid=\"false\" type=\"file\" name=\"file-714\" \/><\/span>\n<\/p>\n<p><input class=\"wpcf7-form-control wpcf7-submit has-spinner\" type=\"submit\" value=\"Enviar\" \/>\n<\/p><div class=\"wpcf7-response-output\" aria-hidden=\"true\"><\/div>\n<input type=\"hidden\" name=\"trp-form-language\" value=\"es\"\/><\/form>\n<\/div>\n<\/div>\n\t\t\t\t\t\t<\/div>\n\t\t\t\t<\/div>\n\t\t\t\t\t<\/div>\n\t\t\t\t<\/div>\n\t\t\t\t\t<\/div>\n\t\t\t\t<\/div>\n\t\t\t\t<\/div>\n\t\t\t\t<\/div>\n\t\t\t\t<\/div>","protected":false},"excerpt":{"rendered":"<p>Career JOIN THE TEAM Join our team at TDA Metals in the USA for a chance to engage in rewarding work with a focus on recycling and the environment. You&#8217;ll be part of a forward-thinking company where your passion for sustainability will be appreciated and nurtured. \u00a0 Interested candidates are encouraged to submit their resumes and CVs using the form provided below. We will evaluate your skills and experience and get back to you. Be a part of our journey towards eco-friendly practices and contribute to creating a sustainable future. SEND US YOUR CV<\/p>","protected":false},"author":3,"featured_media":0,"parent":0,"menu_order":0,"comment_status":"closed","ping_status":"closed","template":"","meta":{"site-sidebar-layout":"no-sidebar","site-content-layout":"page-builder","ast-site-content-layout":"full-width-container","site-content-style":"unboxed","site-sidebar-style":"unboxed","ast-global-header-display":"","ast-banner-title-visibility":"","ast-main-header-display":"","ast-hfb-above-header-display":"","ast-hfb-below-header-display":"","ast-hfb-mobile-header-display":"","site-post-title":"disabled","ast-breadcrumbs-content":"","ast-featured-img":"disabled","footer-sml-layout":"","theme-transparent-header-meta":"enabled","adv-header-id-meta":"","stick-header-meta":"","header-above-stick-meta":"","header-main-stick-meta":"","header-below-stick-meta":"","astra-migrate-meta-layouts":"set","ast-page-background-enabled":"default","ast-page-background-meta":{"desktop":{"background-color":"var(--ast-global-color-4)","background-image":"","background-repeat":"repeat","background-position":"center center","background-size":"auto","background-attachment":"scroll","background-type":"","background-media":"","overlay-type":"","overlay-color":"","overlay-gradient":""},"tablet":{"background-color":"","background-image":"","background-repeat":"repeat","background-position":"center center","background-size":"auto","background-attachment":"scroll","background-type":"","background-media":"","overlay-type":"","overlay-color":"","overlay-gradient":""},"mobile":{"background-color":"","background-image":"","background-repeat":"repeat","background-position":"center center","background-size":"auto","background-attachment":"scroll","background-type":"","background-media":"","overlay-type":"","overlay-color":"","overlay-gradient":""}},"ast-content-background-meta":{"desktop":{"background-color":"var(--ast-global-color-5)","background-image":"","background-repeat":"repeat","background-position":"center center","background-size":"auto","background-attachment":"scroll","background-type":"","background-media":"","overlay-type":"","overlay-color":"","overlay-gradient":""},"tablet":{"background-color":"var(--ast-global-color-5)","background-image":"","background-repeat":"repeat","background-position":"center center","background-size":"auto","background-attachment":"scroll","background-type":"","background-media":"","overlay-type":"","overlay-color":"","overlay-gradient":""},"mobile":{"background-color":"var(--ast-global-color-5)","background-image":"","background-repeat":"repeat","background-position":"center center","background-size":"auto","background-attachment":"scroll","background-type":"","background-media":"","overlay-type":"","overlay-color":"","overlay-gradient":""}},"footnotes":""},"class_list":["post-2745","page","type-page","status-publish","hentry"],"yoast_head":"<!-- This site is optimized with the Yoast SEO plugin v27.4 - https:\/\/yoast.com\/product\/yoast-seo-wordpress\/ -->\n<title>Sell Your Catalytic Converters for Top Prices | TDA Metals LLC<\/title>\n<meta name=\"description\" content=\"We offer top prices for alternators, starters, AC compressors, and more. Join us in our recycling efforts for a cleaner environment.\" \/>\n<meta name=\"robots\" content=\"index, follow, max-snippet:-1, max-image-preview:large, max-video-preview:-1\" \/>\n<link rel=\"canonical\" href=\"https:\/\/www.tdametals.com\/es\/career\/\" \/>\n<meta property=\"og:locale\" content=\"es_ES\" \/>\n<meta property=\"og:type\" content=\"article\" \/>\n<meta property=\"og:title\" content=\"Sell Your Catalytic Converters for Top Prices | TDA Metals LLC\" \/>\n<meta property=\"og:description\" content=\"We offer top prices for alternators, starters, AC compressors, and more. Join us in our recycling efforts for a cleaner environment.\" \/>\n<meta property=\"og:url\" content=\"https:\/\/www.tdametals.com\/es\/career\/\" \/>\n<meta property=\"og:site_name\" content=\"TDA Metals\" \/>\n<meta property=\"article:modified_time\" content=\"2024-04-10T08:59:32+00:00\" \/>\n<meta property=\"og:image\" content=\"https:\/\/www.tdametals.com\/wp-content\/uploads\/2024\/04\/ima_2bc6b5f.jpeg\" \/>\n<meta name=\"twitter:card\" content=\"summary_large_image\" \/>\n<meta name=\"twitter:label1\" content=\"Tiempo de lectura\" \/>\n\t<meta name=\"twitter:data1\" content=\"1 minuto\" \/>\n<script type=\"application\/ld+json\" class=\"yoast-schema-graph\">{\"@context\":\"https:\\\/\\\/schema.org\",\"@graph\":[{\"@type\":\"WebPage\",\"@id\":\"https:\\\/\\\/www.tdametals.com\\\/career\\\/\",\"url\":\"https:\\\/\\\/www.tdametals.com\\\/career\\\/\",\"name\":\"Sell Your Catalytic Converters for Top Prices | TDA Metals LLC\",\"isPartOf\":{\"@id\":\"https:\\\/\\\/www.tdametals.com\\\/#website\"},\"primaryImageOfPage\":{\"@id\":\"https:\\\/\\\/www.tdametals.com\\\/career\\\/#primaryimage\"},\"image\":{\"@id\":\"https:\\\/\\\/www.tdametals.com\\\/career\\\/#primaryimage\"},\"thumbnailUrl\":\"https:\\\/\\\/www.tdametals.com\\\/wp-content\\\/uploads\\\/2024\\\/04\\\/ima_2bc6b5f.jpeg\",\"datePublished\":\"2024-03-24T11:29:42+00:00\",\"dateModified\":\"2024-04-10T08:59:32+00:00\",\"description\":\"We offer top prices for alternators, starters, AC compressors, and more. Join us in our recycling efforts for a cleaner environment.\",\"breadcrumb\":{\"@id\":\"https:\\\/\\\/www.tdametals.com\\\/career\\\/#breadcrumb\"},\"inLanguage\":\"es\",\"potentialAction\":[{\"@type\":\"ReadAction\",\"target\":[\"https:\\\/\\\/www.tdametals.com\\\/career\\\/\"]}]},{\"@type\":\"ImageObject\",\"inLanguage\":\"es\",\"@id\":\"https:\\\/\\\/www.tdametals.com\\\/career\\\/#primaryimage\",\"url\":\"https:\\\/\\\/www.tdametals.com\\\/wp-content\\\/uploads\\\/2024\\\/04\\\/ima_2bc6b5f.jpeg\",\"contentUrl\":\"https:\\\/\\\/www.tdametals.com\\\/wp-content\\\/uploads\\\/2024\\\/04\\\/ima_2bc6b5f.jpeg\"},{\"@type\":\"BreadcrumbList\",\"@id\":\"https:\\\/\\\/www.tdametals.com\\\/career\\\/#breadcrumb\",\"itemListElement\":[{\"@type\":\"ListItem\",\"position\":1,\"name\":\"Home\",\"item\":\"https:\\\/\\\/www.tdametals.com\\\/\"},{\"@type\":\"ListItem\",\"position\":2,\"name\":\"Career\"}]},{\"@type\":\"WebSite\",\"@id\":\"https:\\\/\\\/www.tdametals.com\\\/#website\",\"url\":\"https:\\\/\\\/www.tdametals.com\\\/\",\"name\":\"TDA Metals\",\"description\":\"TDA Metals\",\"potentialAction\":[{\"@type\":\"SearchAction\",\"target\":{\"@type\":\"EntryPoint\",\"urlTemplate\":\"https:\\\/\\\/www.tdametals.com\\\/?s={search_term_string}\"},\"query-input\":{\"@type\":\"PropertyValueSpecification\",\"valueRequired\":true,\"valueName\":\"search_term_string\"}}],\"inLanguage\":\"es\"}]}<\/script>\n<!-- \/ Yoast SEO plugin. -->","yoast_head_json":{"title":"Sell Your Catalytic Converters for Top Prices | TDA Metals LLC","description":"We offer top prices for alternators, starters, AC compressors, and more. Join us in our recycling efforts for a cleaner environment.","robots":{"index":"index","follow":"follow","max-snippet":"max-snippet:-1","max-image-preview":"max-image-preview:large","max-video-preview":"max-video-preview:-1"},"canonical":"https:\/\/www.tdametals.com\/es\/career\/","og_locale":"es_ES","og_type":"article","og_title":"Sell Your Catalytic Converters for Top Prices | TDA Metals LLC","og_description":"We offer top prices for alternators, starters, AC compressors, and more. Join us in our recycling efforts for a cleaner environment.","og_url":"https:\/\/www.tdametals.com\/es\/career\/","og_site_name":"TDA Metals","article_modified_time":"2024-04-10T08:59:32+00:00","og_image":[{"url":"https:\/\/www.tdametals.com\/wp-content\/uploads\/2024\/04\/ima_2bc6b5f.jpeg","type":"","width":"","height":""}],"twitter_card":"summary_large_image","twitter_misc":{"Tiempo de lectura":"1 minuto"},"schema":{"@context":"https:\/\/schema.org","@graph":[{"@type":"WebPage","@id":"https:\/\/www.tdametals.com\/career\/","url":"https:\/\/www.tdametals.com\/career\/","name":"Sell Your Catalytic Converters for Top Prices | TDA Metals LLC","isPartOf":{"@id":"https:\/\/www.tdametals.com\/#website"},"primaryImageOfPage":{"@id":"https:\/\/www.tdametals.com\/career\/#primaryimage"},"image":{"@id":"https:\/\/www.tdametals.com\/career\/#primaryimage"},"thumbnailUrl":"https:\/\/www.tdametals.com\/wp-content\/uploads\/2024\/04\/ima_2bc6b5f.jpeg","datePublished":"2024-03-24T11:29:42+00:00","dateModified":"2024-04-10T08:59:32+00:00","description":"We offer top prices for alternators, starters, AC compressors, and more. Join us in our recycling efforts for a cleaner environment.","breadcrumb":{"@id":"https:\/\/www.tdametals.com\/career\/#breadcrumb"},"inLanguage":"es","potentialAction":[{"@type":"ReadAction","target":["https:\/\/www.tdametals.com\/career\/"]}]},{"@type":"ImageObject","inLanguage":"es","@id":"https:\/\/www.tdametals.com\/career\/#primaryimage","url":"https:\/\/www.tdametals.com\/wp-content\/uploads\/2024\/04\/ima_2bc6b5f.jpeg","contentUrl":"https:\/\/www.tdametals.com\/wp-content\/uploads\/2024\/04\/ima_2bc6b5f.jpeg"},{"@type":"BreadcrumbList","@id":"https:\/\/www.tdametals.com\/career\/#breadcrumb","itemListElement":[{"@type":"ListItem","position":1,"name":"Home","item":"https:\/\/www.tdametals.com\/"},{"@type":"ListItem","position":2,"name":"Career"}]},{"@type":"WebSite","@id":"https:\/\/www.tdametals.com\/#website","url":"https:\/\/www.tdametals.com\/","name":"TDA Metals","description":"TDA Metals","potentialAction":[{"@type":"SearchAction","target":{"@type":"EntryPoint","urlTemplate":"https:\/\/www.tdametals.com\/?s={search_term_string}"},"query-input":{"@type":"PropertyValueSpecification","valueRequired":true,"valueName":"search_term_string"}}],"inLanguage":"es"}]}},"_links":{"self":[{"href":"https:\/\/www.tdametals.com\/es\/wp-json\/wp\/v2\/pages\/2745","targetHints":{"allow":["GET"]}}],"collection":[{"href":"https:\/\/www.tdametals.com\/es\/wp-json\/wp\/v2\/pages"}],"about":[{"href":"https:\/\/www.tdametals.com\/es\/wp-json\/wp\/v2\/types\/page"}],"author":[{"embeddable":true,"href":"https:\/\/www.tdametals.com\/es\/wp-json\/wp\/v2\/users\/3"}],"replies":[{"embeddable":true,"href":"https:\/\/www.tdametals.com\/es\/wp-json\/wp\/v2\/comments?post=2745"}],"version-history":[{"count":19,"href":"https:\/\/www.tdametals.com\/es\/wp-json\/wp\/v2\/pages\/2745\/revisions"}],"predecessor-version":[{"id":2794,"href":"https:\/\/www.tdametals.com\/es\/wp-json\/wp\/v2\/pages\/2745\/revisions\/2794"}],"wp:attachment":[{"href":"https:\/\/www.tdametals.com\/es\/wp-json\/wp\/v2\/media?parent=2745"}],"curies":[{"name":"wp","href":"https:\/\/api.w.org\/{rel}","templated":true}]}}